{"id":109655,"date":"2022-09-20T23:51:23","date_gmt":"2022-09-20T23:51:23","guid":{"rendered":"https:\/\/www.corporaciondoxa.com\/?page_id=109655"},"modified":"2022-11-22T22:36:12","modified_gmt":"2022-11-22T22:36:12","slug":"donaciones","status":"publish","type":"page","link":"https:\/\/www.corporaciondoxa.com\/?page_id=109655","title":{"rendered":"Donaciones"},"content":{"rendered":"<p>[et_pb_section fb_built=&#8221;1&#8243; fullwidth=&#8221;on&#8221; _builder_version=&#8221;4.17.6&#8243; _module_preset=&#8221;default&#8221; module_alignment=&#8221;center&#8221; module_alignment_tablet=&#8221;center&#8221; module_alignment_phone=&#8221;&#8221; module_alignment_last_edited=&#8221;on|phone&#8221; global_colors_info=&#8221;{}&#8221;][et_pb_fullwidth_header title=&#8221;Donaciones&#8221; subhead=&#8221;Corporaci\u00f3n doxa&#8221; header_scroll_down=&#8221;on&#8221; scroll_down_icon=&#8221;%%9%%&#8221; scroll_down_icon_size=&#8221;44px&#8221; _builder_version=&#8221;4.17.6&#8243; _module_preset=&#8221;default&#8221; title_font=&#8221;|700|||||||&#8221; title_text_align=&#8221;center&#8221; title_font_size=&#8221;47px&#8221; content_font=&#8221;|700|||||||&#8221; content_font_size=&#8221;1px&#8221; subhead_font=&#8221;||||||||&#8221; subhead_text_align=&#8221;center&#8221; subhead_font_size=&#8221;21px&#8221; background_image=&#8221;https:\/\/www.corporaciondoxa.com\/wp-content\/uploads\/2022\/11\/WhatsApp-Image-2022-10-13-at-11.18.55-AM-5.jpeg&#8221; background_position=&#8221;top_center&#8221; background_vertical_offset=&#8221;24%&#8221; width=&#8221;100%&#8221; module_alignment=&#8221;center&#8221; height=&#8221;329px&#8221; custom_margin=&#8221;||57px||false|false&#8221; custom_padding=&#8221;99px||0px||false|false&#8221; custom_padding_tablet=&#8221;99px||0px||false|false&#8221; custom_padding_phone=&#8221;87px|||0px|false|false&#8221; custom_padding_last_edited=&#8221;on|phone&#8221; scroll_horizontal_motion_enable=&#8221;off&#8221; scroll_horizontal_motion=&#8221;0|50|50|100|4|0|-4&#8243; module_alignment_tablet=&#8221;center&#8221; module_alignment_phone=&#8221;&#8221; module_alignment_last_edited=&#8221;on|phone&#8221; title_text_shadow_style=&#8221;preset5&#8243; title_text_shadow_horizontal_length=&#8221;0.07em&#8221; title_text_shadow_vertical_length=&#8221;0.05em&#8221; text_shadow_style=&#8221;preset2&#8243; text_shadow_horizontal_length=&#8221;0.29em&#8221; text_shadow_vertical_length=&#8221;-0.09em&#8221; text_shadow_blur_strength=&#8221;0em&#8221; global_colors_info=&#8221;{}&#8221;][\/et_pb_fullwidth_header][\/et_pb_section][et_pb_section fb_built=&#8221;1&#8243; _builder_version=&#8221;4.17.6&#8243; _module_preset=&#8221;default&#8221; custom_padding=&#8221;5px|||||&#8221; locked=&#8221;off&#8221; global_colors_info=&#8221;{}&#8221;][et_pb_row column_structure=&#8221;1_2,1_2&#8243; _builder_version=&#8221;4.17.6&#8243; _module_preset=&#8221;default&#8221; global_colors_info=&#8221;{}&#8221;][et_pb_column type=&#8221;1_2&#8243; _builder_version=&#8221;4.17.6&#8243; _module_preset=&#8221;default&#8221; global_colors_info=&#8221;{}&#8221;][dsm_gradient_text gradient_text=&#8221;Con Dinero&#8221; _builder_version=&#8221;4.17.6&#8243; _module_preset=&#8221;default&#8221; header_font=&#8221;|800|||||||&#8221; header_font_size=&#8221;47px&#8221; background_color_gradient_stops=&#8221;#47187d 35%|#00a1d3 87%&#8221; global_colors_info=&#8221;{}&#8221;][\/dsm_gradient_text][et_pb_divider color=&#8221;#00a1d3&#8243; divider_weight=&#8221;4px&#8221; _builder_version=&#8221;4.17.6&#8243; _module_preset=&#8221;default&#8221; width=&#8221;56%&#8221; max_width=&#8221;10%&#8221; custom_margin=&#8221;-24px||||false|false&#8221; global_colors_info=&#8221;{}&#8221;][\/et_pb_divider][et_pb_text _builder_version=&#8221;4.17.6&#8243; _module_preset=&#8221;default&#8221; text_font_size=&#8221;18px&#8221; global_colors_info=&#8221;{}&#8221;]<\/p>\n<p style=\"text-align: justify;\"><span style=\"font-weight: 400;\"><span style=\"vertical-align: inherit;\"><span style=\"vertical-align: inherit;\"><span style=\"vertical-align: inherit;\"><span style=\"vertical-align: inherit;\">Recibimos apoyos econ\u00f3micos que ayudaran el apalancamiento de nuestros proyectos en procesos de atenci\u00f3n a poblaci\u00f3n vulnerable y aumento de la cobertura. al alcance de la mano mediante una trasferencia o consignaci\u00f3n bancaria a la cuenta de ahorros de CORPORACION DOXA banco Davivienda No 008700497335.<\/span><\/span><\/span><\/span><\/span><\/p>\n<p>[\/et_pb_text][et_pb_image src=&#8221;https:\/\/www.corporaciondoxa.com\/wp-content\/uploads\/2022\/11\/DONACIONES_CORPORACION_DOXA1.jpg&#8221; title_text=&#8221;DONACIONES_CORPORACION_DOXA(1)&#8221; align=&#8221;center&#8221; force_fullwidth=&#8221;on&#8221; _builder_version=&#8221;4.17.6&#8243; _module_preset=&#8221;default&#8221; global_colors_info=&#8221;{}&#8221;][\/et_pb_image][et_pb_text _builder_version=&#8221;4.17.6&#8243; _module_preset=&#8221;default&#8221; text_font_size=&#8221;18px&#8221; global_colors_info=&#8221;{}&#8221;]<\/p>\n<p style=\"text-align: justify;\"><span style=\"font-weight: 400;\"><span style=\"vertical-align: inherit;\">Si requieres el certificado de donaci\u00f3n diligencia el siguiente formulario:<\/span><\/span><\/p>\n<p>[\/et_pb_text][et_pb_contact_form email=&#8221;corporaciondoxa16@gmail.com&#8221; custom_message=&#8221;Mensaje enviado del formulario de donaciones de la pagina web corporaci\u00f3n doxa:||et_pb_line_break_holder||||et_pb_line_break_holder||Nombre o razon social: %%Nombre%%||et_pb_line_break_holder||CC \/ NIT: %%Nit%%||et_pb_line_break_holder||Fecha de transferencia: %%Fecha%%||et_pb_line_break_holder||Valor de la transferencia: %%Valor%%||et_pb_line_break_holder||Telefono de contacto: %%Telefono%%||et_pb_line_break_holder||Direcci\u00f3n de Correo electronico: %%Correo%%||et_pb_line_break_holder||Observaciones: %%Observaciones%%&#8221; use_redirect=&#8221;on&#8221; redirect_url=&#8221;https:\/\/www.corporaciondoxa.com\/?page_id=110249&#8243; success_message=&#8221;El formulario a sido enviado con \u00e9xito&#8221; submit_button_text=&#8221;Solicitar certificado&#8221; _builder_version=&#8221;4.17.6&#8243; _module_preset=&#8221;default&#8221; _unique_id=&#8221;19b69872-dbf9-4d84-a547-7b0a5e1cf610&#8243; custom_button=&#8221;on&#8221; button_bg_color=&#8221;#47187d&#8221; hover_enabled=&#8221;0&#8243; global_colors_info=&#8221;{}&#8221; sticky_enabled=&#8221;0&#8243;][et_pb_contact_field field_id=&#8221;Nombre&#8221; field_title=&#8221;Nombre completo o raz\u00f3n social&#8221; _builder_version=&#8221;4.17.6&#8243; global_colors_info=&#8221;{}&#8221; button_text_size__hover_enabled=&#8221;off&#8221; button_one_text_size__hover_enabled=&#8221;off&#8221; button_two_text_size__hover_enabled=&#8221;off&#8221; button_text_color__hover_enabled=&#8221;off&#8221; button_one_text_color__hover_enabled=&#8221;off&#8221; button_two_text_color__hover_enabled=&#8221;off&#8221; button_border_width__hover_enabled=&#8221;off&#8221; button_one_border_width__hover_enabled=&#8221;off&#8221; button_two_border_width__hover_enabled=&#8221;off&#8221; button_border_color__hover_enabled=&#8221;off&#8221; button_one_border_color__hover_enabled=&#8221;off&#8221; button_two_border_color__hover_enabled=&#8221;off&#8221; button_border_radius__hover_enabled=&#8221;off&#8221; button_one_border_radius__hover_enabled=&#8221;off&#8221; button_two_border_radius__hover_enabled=&#8221;off&#8221; button_letter_spacing__hover_enabled=&#8221;off&#8221; button_one_letter_spacing__hover_enabled=&#8221;off&#8221; button_two_letter_spacing__hover_enabled=&#8221;off&#8221; button_bg_color__hover_enabled=&#8221;off&#8221; button_one_bg_color__hover_enabled=&#8221;off&#8221; button_two_bg_color__hover_enabled=&#8221;off&#8221;][\/et_pb_contact_field][et_pb_contact_field field_id=&#8221;Nit&#8221; field_title=&#8221;CC \/ NIT&#8221; _builder_version=&#8221;4.17.6&#8243; _module_preset=&#8221;default&#8221; global_colors_info=&#8221;{}&#8221;][\/et_pb_contact_field][et_pb_contact_field field_id=&#8221;Fecha&#8221; field_title=&#8221;Fecha de transferencia&#8221; _builder_version=&#8221;4.17.6&#8243; _module_preset=&#8221;default&#8221; global_colors_info=&#8221;{}&#8221;][\/et_pb_contact_field][et_pb_contact_field field_id=&#8221;Valor&#8221; field_title=&#8221;Valor de la transferencia&#8221; _builder_version=&#8221;4.17.6&#8243; global_colors_info=&#8221;{}&#8221; button_text_size__hover_enabled=&#8221;off&#8221; button_one_text_size__hover_enabled=&#8221;off&#8221; button_two_text_size__hover_enabled=&#8221;off&#8221; button_text_color__hover_enabled=&#8221;off&#8221; button_one_text_color__hover_enabled=&#8221;off&#8221; button_two_text_color__hover_enabled=&#8221;off&#8221; button_border_width__hover_enabled=&#8221;off&#8221; button_one_border_width__hover_enabled=&#8221;off&#8221; button_two_border_width__hover_enabled=&#8221;off&#8221; button_border_color__hover_enabled=&#8221;off&#8221; button_one_border_color__hover_enabled=&#8221;off&#8221; button_two_border_color__hover_enabled=&#8221;off&#8221; button_border_radius__hover_enabled=&#8221;off&#8221; button_one_border_radius__hover_enabled=&#8221;off&#8221; button_two_border_radius__hover_enabled=&#8221;off&#8221; button_letter_spacing__hover_enabled=&#8221;off&#8221; button_one_letter_spacing__hover_enabled=&#8221;off&#8221; button_two_letter_spacing__hover_enabled=&#8221;off&#8221; button_bg_color__hover_enabled=&#8221;off&#8221; button_one_bg_color__hover_enabled=&#8221;off&#8221; button_two_bg_color__hover_enabled=&#8221;off&#8221;][\/et_pb_contact_field][et_pb_contact_field field_id=&#8221;Telefono&#8221; field_title=&#8221;Telefono de contacto&#8221; _builder_version=&#8221;4.17.6&#8243; _module_preset=&#8221;default&#8221; global_colors_info=&#8221;{}&#8221;][\/et_pb_contact_field][et_pb_contact_field field_id=&#8221;Correo&#8221; field_title=&#8221;Correo electronico&#8221; field_type=&#8221;email&#8221; _builder_version=&#8221;4.17.6&#8243; _module_preset=&#8221;default&#8221; global_colors_info=&#8221;{}&#8221;][\/et_pb_contact_field][et_pb_contact_field field_id=&#8221;Observaciones&#8221; field_title=&#8221;Observaciones&#8221; field_type=&#8221;text&#8221; fullwidth_field=&#8221;on&#8221; _builder_version=&#8221;4.17.6&#8243; global_colors_info=&#8221;{}&#8221; button_text_size__hover_enabled=&#8221;off&#8221; button_one_text_size__hover_enabled=&#8221;off&#8221; button_two_text_size__hover_enabled=&#8221;off&#8221; button_text_color__hover_enabled=&#8221;off&#8221; button_one_text_color__hover_enabled=&#8221;off&#8221; button_two_text_color__hover_enabled=&#8221;off&#8221; button_border_width__hover_enabled=&#8221;off&#8221; button_one_border_width__hover_enabled=&#8221;off&#8221; button_two_border_width__hover_enabled=&#8221;off&#8221; button_border_color__hover_enabled=&#8221;off&#8221; button_one_border_color__hover_enabled=&#8221;off&#8221; button_two_border_color__hover_enabled=&#8221;off&#8221; button_border_radius__hover_enabled=&#8221;off&#8221; button_one_border_radius__hover_enabled=&#8221;off&#8221; button_two_border_radius__hover_enabled=&#8221;off&#8221; button_letter_spacing__hover_enabled=&#8221;off&#8221; button_one_letter_spacing__hover_enabled=&#8221;off&#8221; button_two_letter_spacing__hover_enabled=&#8221;off&#8221; button_bg_color__hover_enabled=&#8221;off&#8221; button_one_bg_color__hover_enabled=&#8221;off&#8221; button_two_bg_color__hover_enabled=&#8221;off&#8221;][\/et_pb_contact_field][\/et_pb_contact_form][\/et_pb_column][et_pb_column type=&#8221;1_2&#8243; _builder_version=&#8221;4.17.6&#8243; _module_preset=&#8221;default&#8221; global_colors_info=&#8221;{}&#8221;][dsm_gradient_text gradient_text=&#8221;En especie&#8221; _builder_version=&#8221;4.17.6&#8243; _module_preset=&#8221;default&#8221; header_font=&#8221;|800|||||||&#8221; header_font_size=&#8221;47px&#8221; background_color_gradient_stops=&#8221;#47187d 35%|#00a1d3 87%&#8221; global_colors_info=&#8221;{}&#8221;][\/dsm_gradient_text][et_pb_divider color=&#8221;#00a1d3&#8243; divider_weight=&#8221;4px&#8221; _builder_version=&#8221;4.17.6&#8243; _module_preset=&#8221;default&#8221; width=&#8221;56%&#8221; max_width=&#8221;10%&#8221; custom_margin=&#8221;-24px||||false|false&#8221; global_colors_info=&#8221;{}&#8221;][\/et_pb_divider][et_pb_text _builder_version=&#8221;4.17.6&#8243; _module_preset=&#8221;default&#8221; text_font_size=&#8221;18px&#8221; global_colors_info=&#8221;{}&#8221;]<\/p>\n<p style=\"text-align: justify;\"><span style=\"font-weight: 400;\">Puedes apoyarnos con diferentes elementos que est\u00e9n en buen estado para cubrir las necesidades de todos nuestros beneficiarios. Como: elementos de vivienda, alimentos, kit de aseo, ropa en buen estado, materiales did\u00e1cticos, materiales para artesan\u00edas etc.<\/span><\/p>\n<p>[\/et_pb_text][et_pb_text _builder_version=&#8221;4.17.6&#8243; _module_preset=&#8221;default&#8221; text_font_size=&#8221;18px&#8221; global_colors_info=&#8221;{}&#8221;]<\/p>\n<p><span style=\"vertical-align: inherit;\"><span style=\"vertical-align: inherit;\">Si estas interesado en hacer una donaci\u00f3n en especie contactanos\u00a0 dando clic en uno de estos dos medios.<\/span><\/span><\/p>\n<p>[\/et_pb_text][et_pb_image src=&#8221;https:\/\/www.corporaciondoxa.com\/wp-content\/uploads\/2022\/11\/donaciones_doxa_correo2.jpg&#8221; title_text=&#8221;donaciones_doxa_correo(2)&#8221; url=&#8221;mailto:corporaciondoxa16@gmail.com&#8221; align=&#8221;center&#8221; force_fullwidth=&#8221;on&#8221; _builder_version=&#8221;4.17.6&#8243; _module_preset=&#8221;default&#8221; transform_scale=&#8221;90%|90%&#8221; global_colors_info=&#8221;{}&#8221;][\/et_pb_image][et_pb_image src=&#8221;https:\/\/www.corporaciondoxa.com\/wp-content\/uploads\/2022\/11\/donaciones_doxa_whatsapp2.jpg&#8221; title_text=&#8221;donaciones_doxa_whatsapp(2)&#8221; url=&#8221;https:\/\/wa.me\/+573123786641&#8243; align=&#8221;center&#8221; force_fullwidth=&#8221;on&#8221; _builder_version=&#8221;4.17.6&#8243; _module_preset=&#8221;default&#8221; transform_scale=&#8221;90%|90%&#8221; custom_margin=&#8221;-41px||||false|false&#8221; custom_margin_tablet=&#8221;-21px||||false|false&#8221; custom_margin_phone=&#8221;-18px||||false|false&#8221; custom_margin_last_edited=&#8221;on|tablet&#8221; custom_padding=&#8221;0px|||||&#8221; global_colors_info=&#8221;{}&#8221;][\/et_pb_image][\/et_pb_column][\/et_pb_row][\/et_pb_section]<\/p>\n","protected":false},"excerpt":{"rendered":"<p><div class=\"et_pb_module dsm_gradient_text dsm_gradient_text_0 \">\n\t\t\t\t\n\t\t\t\t\n\t\t\t\t\n\t\t\t\t\n\t\t\t\t\n\t\t\t\t\n\t\t\t\t<div class=\"et_pb_module_inner\">\n\t\t\t\t\t<h1 class=\"dsm-gradient-text\">Con Dinero<\/h1>\n\t\t\t\t<\/div>\n\t\t\t<\/div>Recibimos apoyos econ\u00f3micos que ayudaran el apalancamiento de nuestros proyectos en procesos de atenci\u00f3n a poblaci\u00f3n vulnerable y aumento de la cobertura. al alcance de la mano mediante una trasferencia o consignaci\u00f3n bancaria a la cuenta de ahorros de CORPORACION DOXA banco Davivienda No 008700497335.Si [&hellip;]<\/p>\n","protected":false},"author":1,"featured_media":0,"parent":0,"menu_order":6,"comment_status":"closed","ping_status":"closed","template":"","meta":{"_et_pb_use_builder":"on","_et_pb_old_content":"","_et_gb_content_width":"","footnotes":""},"class_list":["post-109655","page","type-page","status-publish","hentry"],"_links":{"self":[{"href":"https:\/\/www.corporaciondoxa.com\/index.php?rest_route=\/wp\/v2\/pages\/109655","targetHints":{"allow":["GET"]}}],"collection":[{"href":"https:\/\/www.corporaciondoxa.com\/index.php?rest_route=\/wp\/v2\/pages"}],"about":[{"href":"https:\/\/www.corporaciondoxa.com\/index.php?rest_route=\/wp\/v2\/types\/page"}],"author":[{"embeddable":true,"href":"https:\/\/www.corporaciondoxa.com\/index.php?rest_route=\/wp\/v2\/users\/1"}],"replies":[{"embeddable":true,"href":"https:\/\/www.corporaciondoxa.com\/index.php?rest_route=%2Fwp%2Fv2%2Fcomments&post=109655"}],"version-history":[{"count":26,"href":"https:\/\/www.corporaciondoxa.com\/index.php?rest_route=\/wp\/v2\/pages\/109655\/revisions"}],"predecessor-version":[{"id":110271,"href":"https:\/\/www.corporaciondoxa.com\/index.php?rest_route=\/wp\/v2\/pages\/109655\/revisions\/110271"}],"wp:attachment":[{"href":"https:\/\/www.corporaciondoxa.com\/index.php?rest_route=%2Fwp%2Fv2%2Fmedia&parent=109655"}],"curies":[{"name":"wp","href":"https:\/\/api.w.org\/{rel}","templated":true}]}}