{"id":109651,"date":"2022-09-20T23:50:33","date_gmt":"2022-09-20T23:50:33","guid":{"rendered":"https:\/\/www.corporaciondoxa.com\/?page_id=109651"},"modified":"2022-11-23T01:56:49","modified_gmt":"2022-11-23T01:56:49","slug":"comentarios-sociedad-civil","status":"publish","type":"page","link":"https:\/\/www.corporaciondoxa.com\/?page_id=109651","title":{"rendered":"Comentarios sociedad civil"},"content":{"rendered":"<p>[et_pb_section fb_built=&#8221;1&#8243; disabled_on=&#8221;off|off|on&#8221; _builder_version=&#8221;4.17.6&#8243; _module_preset=&#8221;default&#8221; background_color=&#8221;#00a1d3&#8243; background_image=&#8221;https:\/\/www.corporaciondoxa.com\/wp-content\/uploads\/2022\/10\/comentarios-sociedad-civil2-1.jpg&#8221; background_position=&#8221;top_center&#8221; background_vertical_offset=&#8221;22%&#8221; background_blend=&#8221;multiply&#8221; min_height=&#8221;100px&#8221; height=&#8221;152px&#8221; max_height=&#8221;152px&#8221; custom_margin=&#8221;||||false|false&#8221; custom_padding=&#8221;24px||13px||false|false&#8221; global_colors_info=&#8221;{}&#8221;][\/et_pb_section][et_pb_section fb_built=&#8221;1&#8243; admin_label=&#8221;Split Section&#8221; _builder_version=&#8221;4.17.6&#8243; use_background_color_gradient=&#8221;on&#8221; background_color_gradient_stops=&#8221;#ffffff 22%|rgba(255,255,255,0) 100%&#8221; background_color_gradient_overlays_image=&#8221;on&#8221; custom_margin=&#8221;25px||||false|false&#8221; custom_padding=&#8221;0px||0px|&#8221; animation_style=&#8221;fold&#8221; animation_direction=&#8221;bottom&#8221; animation_intensity_fold=&#8221;4%&#8221; global_colors_info=&#8221;{}&#8221;][et_pb_row column_structure=&#8221;1_2,1_2&#8243; use_custom_gutter=&#8221;on&#8221; gutter_width=&#8221;1&#8243; make_equal=&#8221;on&#8221; module_class=&#8221; et_pb_row_fullwidth&#8221; _builder_version=&#8221;4.17.6&#8243; background_size=&#8221;initial&#8221; background_position=&#8221;top_left&#8221; background_repeat=&#8221;repeat&#8221; width=&#8221;100%&#8221; width_tablet=&#8221;100%&#8221; width_phone=&#8221;100%&#8221; width_last_edited=&#8221;on|desktop&#8221; max_width=&#8221;100%&#8221; max_width_tablet=&#8221;100%&#8221; max_width_phone=&#8221;100%&#8221; max_width_last_edited=&#8221;on|desktop&#8221; custom_margin=&#8221;0px||0px|&#8221; custom_padding=&#8221;0px||58px|||&#8221; make_fullwidth=&#8221;on&#8221; global_colors_info=&#8221;{}&#8221;][et_pb_column type=&#8221;1_2&#8243; _builder_version=&#8221;4.17.6&#8243; use_background_color_gradient=&#8221;on&#8221; background_color_gradient_stops=&#8221;#ffffff 0%|rgba(255,255,255,0) 13%&#8221; background_color_gradient_overlays_image=&#8221;on&#8221; background_image=&#8221;https:\/\/www.corporaciondoxa.com\/wp-content\/uploads\/2022\/10\/comentarios-sociedad-civil2-1.jpg&#8221; background_position=&#8221;top_left&#8221; custom_padding=&#8221;|||&#8221; global_colors_info=&#8221;{}&#8221; custom_padding__hover=&#8221;|||&#8221;][\/et_pb_column][et_pb_column type=&#8221;1_2&#8243; _builder_version=&#8221;4.17.6&#8243; background_color=&#8221;#f4f4f4&#8243; use_background_color_gradient=&#8221;on&#8221; background_color_gradient_stops=&#8221;#ffffff 0%|rgba(255,255,255,0) 18%&#8221; background_position=&#8221;top_left&#8221; custom_padding=&#8221;8%|6%|8%|6%&#8221; global_colors_info=&#8221;{}&#8221; custom_padding__hover=&#8221;|||&#8221;][et_pb_divider color=&#8221;#47187d&#8221; divider_weight=&#8221;3px&#8221; disabled_on=&#8221;off|off|off&#8221; _builder_version=&#8221;4.17.6&#8243; background_color_gradient_direction=&#8221;90deg&#8221; max_width=&#8221;100px&#8221; module_alignment=&#8221;left&#8221; height=&#8221;5px&#8221; custom_margin=&#8221;||20px|&#8221; custom_padding=&#8221;||20px|&#8221; animation_style=&#8221;slide&#8221; animation_direction=&#8221;bottom&#8221; saved_tabs=&#8221;all&#8221; locked=&#8221;off&#8221; global_colors_info=&#8221;{}&#8221;][\/et_pb_divider][et_pb_cta title=&#8221;Comentarios de Sociedad Civil&#8221; button_text=&#8221;Ver Documentos&#8221; _builder_version=&#8221;4.17.6&#8243; _module_preset=&#8221;default&#8221; header_font=&#8221;|700|||||||&#8221; header_text_align=&#8221;left&#8221; header_text_color=&#8221;#47187d&#8221; header_font_size=&#8221;63px&#8221; body_text_align=&#8221;left&#8221; body_text_color=&#8221;#494949&#8243; body_font_size=&#8221;16px&#8221; body_line_height=&#8221;1.8em&#8221; background_color=&#8221;rgba(255,255,255,0)&#8221; custom_button=&#8221;on&#8221; button_text_size=&#8221;15px&#8221; button_text_color=&#8221;#47187d&#8221; button_bg_color=&#8221;#47187d&#8221; button_border_width=&#8221;4px&#8221; button_border_color=&#8221;#47187d&#8221; button_font=&#8221;|700|||||||&#8221; custom_padding=&#8221;9px||0px|||&#8221; header_font_size_tablet=&#8221;63px&#8221; header_font_size_phone=&#8221;39px&#8221; header_font_size_last_edited=&#8221;on|phone&#8221; global_colors_info=&#8221;{}&#8221;]<\/p>\n<p><span>Conoce los datos m\u00e1s importantes para el desarrollo y ejecuci\u00f3n de nuestra Fundaci\u00f3n Misioneros Divina Redenci\u00f3n San Felipe Neri<\/span><\/p>\n<p>[\/et_pb_cta][et_pb_button button_url=&#8221;https:\/\/drive.google.com\/drive\/folders\/16UFT9N3kmDx17QE8VENmLVh1BTSd886l?usp=sharing&#8221; button_text=&#8221;Ver documentos&#8221; _builder_version=&#8221;4.17.6&#8243; _module_preset=&#8221;default&#8221; custom_button=&#8221;on&#8221; button_bg_color=&#8221;#47187d&#8221; button_border_color=&#8221;#47187d&#8221; button_use_icon=&#8221;off&#8221; background_layout=&#8221;dark&#8221; custom_margin=&#8221;|||31px|false|false&#8221; global_colors_info=&#8221;{}&#8221; button_bg_color__hover_enabled=&#8221;on|hover&#8221; button_bg_color__hover=&#8221;#00a1d3&#8243; button_bg_enable_color__hover=&#8221;on&#8221;][\/et_pb_button][\/et_pb_column][\/et_pb_row][\/et_pb_section][et_pb_section fb_built=&#8221;1&#8243; admin_label=&#8221;Statistics&#8221; _builder_version=&#8221;4.16&#8243; custom_padding=&#8221;0px||0px|||&#8221; global_colors_info=&#8221;{}&#8221;][et_pb_row _builder_version=&#8221;4.17.6&#8243; _module_preset=&#8221;default&#8221; width=&#8221;100%&#8221; max_width=&#8221;100%&#8221; hover_enabled=&#8221;0&#8243; sticky_enabled=&#8221;0&#8243; custom_padding=&#8221;50px|||||&#8221;][et_pb_column _builder_version=&#8221;4.17.6&#8243; _module_preset=&#8221;default&#8221; type=&#8221;4_4&#8243;][\/et_pb_column][\/et_pb_row][\/et_pb_section]<\/p>\n","protected":false},"excerpt":{"rendered":"<p>Conoce los datos m\u00e1s importantes para el desarrollo y ejecuci\u00f3n de nuestra Fundaci\u00f3n Misioneros Divina Redenci\u00f3n San Felipe Neri<\/p>\n","protected":false},"author":1,"featured_media":0,"parent":0,"menu_order":4,"comment_status":"closed","ping_status":"closed","template":"","meta":{"_et_pb_use_builder":"on","_et_pb_old_content":"","_et_gb_content_width":"","footnotes":""},"class_list":["post-109651","page","type-page","status-publish","hentry"],"_links":{"self":[{"href":"https:\/\/www.corporaciondoxa.com\/index.php?rest_route=\/wp\/v2\/pages\/109651","targetHints":{"allow":["GET"]}}],"collection":[{"href":"https:\/\/www.corporaciondoxa.com\/index.php?rest_route=\/wp\/v2\/pages"}],"about":[{"href":"https:\/\/www.corporaciondoxa.com\/index.php?rest_route=\/wp\/v2\/types\/page"}],"author":[{"embeddable":true,"href":"https:\/\/www.corporaciondoxa.com\/index.php?rest_route=\/wp\/v2\/users\/1"}],"replies":[{"embeddable":true,"href":"https:\/\/www.corporaciondoxa.com\/index.php?rest_route=%2Fwp%2Fv2%2Fcomments&post=109651"}],"version-history":[{"count":14,"href":"https:\/\/www.corporaciondoxa.com\/index.php?rest_route=\/wp\/v2\/pages\/109651\/revisions"}],"predecessor-version":[{"id":110310,"href":"https:\/\/www.corporaciondoxa.com\/index.php?rest_route=\/wp\/v2\/pages\/109651\/revisions\/110310"}],"wp:attachment":[{"href":"https:\/\/www.corporaciondoxa.com\/index.php?rest_route=%2Fwp%2Fv2%2Fmedia&parent=109651"}],"curies":[{"name":"wp","href":"https:\/\/api.w.org\/{rel}","templated":true}]}}