{"id":109649,"date":"2022-09-20T23:48:38","date_gmt":"2022-09-20T23:48:38","guid":{"rendered":"https:\/\/www.corporaciondoxa.com\/?page_id=109649"},"modified":"2022-11-11T18:53:30","modified_gmt":"2022-11-11T18:53:30","slug":"quue-hacemos","status":"publish","type":"page","link":"https:\/\/www.corporaciondoxa.com\/?page_id=109649","title":{"rendered":"Qu\u00e9 hacemos"},"content":{"rendered":"<p>[et_pb_section fb_built=&#8221;1&#8243; fullwidth=&#8221;on&#8221; _builder_version=&#8221;4.17.6&#8243; _module_preset=&#8221;default&#8221; global_colors_info=&#8221;{}&#8221; locked=&#8221;off&#8221;][et_pb_fullwidth_header title=&#8221;Que hacemos&#8221; subhead=&#8221;Corporaci\u00f3n doxa&#8221; text_orientation=&#8221;center&#8221; header_scroll_down=&#8221;on&#8221; scroll_down_icon=&#8221;%%9%%&#8221; scroll_down_icon_size=&#8221;44px&#8221; _builder_version=&#8221;4.17.6&#8243; _module_preset=&#8221;default&#8221; title_font=&#8221;|700|||||||&#8221; title_font_size=&#8221;47px&#8221; content_font=&#8221;|700|||||||&#8221; content_font_size=&#8221;1px&#8221; subhead_font=&#8221;||||||||&#8221; subhead_text_align=&#8221;center&#8221; subhead_font_size=&#8221;21px&#8221; background_image=&#8221;https:\/\/www.corporaciondoxa.com\/wp-content\/uploads\/2022\/10\/WhatsApp-Image-2022-10-28-at-3.58.47-PM-1.jpeg&#8221; background_position=&#8221;top_center&#8221; background_vertical_offset=&#8221;56%&#8221; width=&#8221;100%&#8221; height=&#8221;329px&#8221; custom_margin=&#8221;||-3px||false|false&#8221; custom_padding=&#8221;99px||0px||false|false&#8221; custom_padding_tablet=&#8221;99px||0px||false|false&#8221; custom_padding_phone=&#8221;87px||||false|false&#8221; custom_padding_last_edited=&#8221;on|phone&#8221; scroll_horizontal_motion_enable=&#8221;off&#8221; scroll_horizontal_motion=&#8221;0|50|50|100|4|0|-4&#8243; hover_enabled=&#8221;0&#8243; title_text_shadow_style=&#8221;preset5&#8243; title_text_shadow_horizontal_length=&#8221;0.07em&#8221; title_text_shadow_vertical_length=&#8221;0.05em&#8221; text_shadow_style=&#8221;preset2&#8243; text_shadow_horizontal_length=&#8221;0.29em&#8221; text_shadow_vertical_length=&#8221;-0.09em&#8221; text_shadow_blur_strength=&#8221;0em&#8221; global_colors_info=&#8221;{}&#8221; sticky_enabled=&#8221;0&#8243; title_text=&#8221;WhatsApp Image 2022-10-28 at 3.58.47 PM&#8221; content_text_align=&#8221;center&#8221; content_text_align_last_edited=&#8221;on|phone&#8221; content_text_align_phone=&#8221;center&#8221; content_text_align_tablet=&#8221;center&#8221;][\/et_pb_fullwidth_header][\/et_pb_section][et_pb_section fb_built=&#8221;1&#8243; _builder_version=&#8221;4.17.6&#8243; _module_preset=&#8221;default&#8221; global_colors_info=&#8221;{}&#8221; custom_padding=&#8221;0px|||||&#8221;][et_pb_row column_structure=&#8221;1_2,1_2&#8243; make_equal=&#8221;on&#8221; _builder_version=&#8221;4.17.6&#8243; _module_preset=&#8221;default&#8221; width=&#8221;100%&#8221; max_width=&#8221;80%&#8221; global_colors_info=&#8221;{}&#8221;][et_pb_column type=&#8221;1_2&#8243; _builder_version=&#8221;4.17.6&#8243; _module_preset=&#8221;default&#8221; global_colors_info=&#8221;{}&#8221;][et_pb_blurb title=&#8221;1&#8243; image=&#8221;https:\/\/www.corporaciondoxa.com\/wp-content\/uploads\/2022\/11\/Recurso-2corporaciondoxa.png&#8221; _builder_version=&#8221;4.17.6&#8243; _module_preset=&#8221;default&#8221; header_level=&#8221;h1&#8243; header_text_align=&#8221;center&#8221; custom_padding=&#8221;24px||35px||false|false&#8221; border_radii=&#8221;on|66px|66px|66px|66px&#8221; border_width_all=&#8221;2px&#8221; border_color_all=&#8221;RGBA(255,255,255,0)&#8221; global_colors_info=&#8221;{}&#8221;]<\/p>\n<p style=\"text-align: justify;\"><span style=\"vertical-align: inherit;\"><span style=\"vertical-align: inherit;\">Realizar procesos relacionados con el desarrollo humano en todas sus dimensiones. Principalmente en sus aspectos humanista, democr\u00e1tico, participativo y ante todo \u00e9tico, para el logro del fortalecimiento del talento humano alternativo mediante contrataci\u00f3n con entidades de car\u00e1cter Estatal o Privado, adem\u00e1s de realizar auditor\u00edas e interventor\u00edas a estos procesos.<\/span><\/span><\/p>\n<p>[\/et_pb_blurb][\/et_pb_column][et_pb_column type=&#8221;1_2&#8243; _builder_version=&#8221;4.17.6&#8243; _module_preset=&#8221;default&#8221; global_colors_info=&#8221;{}&#8221;][et_pb_blurb title=&#8221;2&#8243; image=&#8221;https:\/\/www.corporaciondoxa.com\/wp-content\/uploads\/2022\/11\/Recurso-3corporaciondoxa.png&#8221; _builder_version=&#8221;4.17.6&#8243; _module_preset=&#8221;default&#8221; header_level=&#8221;h1&#8243; header_text_align=&#8221;center&#8221; custom_padding=&#8221;24px||35px||false|false&#8221; border_radii=&#8221;on|66px|66px|66px|66px&#8221; border_width_all=&#8221;2px&#8221; border_color_all=&#8221;RGBA(255,255,255,0)&#8221; global_colors_info=&#8221;{}&#8221;]<\/p>\n<p style=\"text-align: justify;\">Promover y desarrollar actividades deasesor\u00eda, consultor\u00eda, interventor\u00eda, formaci\u00f3n y capacitaci\u00f3n informal a entidades p\u00fablicas y privadas, grupos sociales y comunidades que lo requieran, a trav\u00e9s de metodolog\u00edas participativas en las \u00e1reas administrativas, de desarrollo productivo, econ\u00f3micas, sociales, ambientales, financieras, t\u00e9cnicas, tecnol\u00f3gicas y especializadas<\/p>\n<p>[\/et_pb_blurb][\/et_pb_column][\/et_pb_row][\/et_pb_section][et_pb_section fb_built=&#8221;1&#8243; _builder_version=&#8221;4.17.6&#8243; _module_preset=&#8221;default&#8221; background_color=&#8221;#f9f9f9&#8243; custom_padding=&#8221;0px||0px|||&#8221; global_colors_info=&#8221;{}&#8221;][et_pb_row make_equal=&#8221;on&#8221; _builder_version=&#8221;4.17.6&#8243; _module_preset=&#8221;default&#8221; width=&#8221;100%&#8221; max_width=&#8221;80%&#8221; custom_margin=&#8221;-67px|auto||auto||&#8221; global_colors_info=&#8221;{}&#8221;][et_pb_column type=&#8221;4_4&#8243; _builder_version=&#8221;4.17.6&#8243; _module_preset=&#8221;default&#8221; global_colors_info=&#8221;{}&#8221;][et_pb_blurb title=&#8221;3&#8243; image=&#8221;https:\/\/www.corporaciondoxa.com\/wp-content\/uploads\/2022\/11\/Recurso-4corporaciondoxa.png&#8221; _builder_version=&#8221;4.17.6&#8243; _module_preset=&#8221;default&#8221; header_level=&#8221;h1&#8243; header_text_align=&#8221;center&#8221; custom_padding=&#8221;24px||35px||false|false&#8221; border_radii=&#8221;on|66px|66px|66px|66px&#8221; border_width_all=&#8221;2px&#8221; border_color_all=&#8221;RGBA(255,255,255,0)&#8221; global_colors_info=&#8221;{}&#8221;]<\/p>\n<p style=\"text-align: justify;\">Integrar en el desarrollo del talento humano alternativo a familias y comunidades, aprovechando todas sus potencialidades, con el fin de alcanzar su empoderamiento personal, social, pol\u00edtico y cultural, mediante la estrategia de compromiso comunitario y social, desarrollando programas de capacitaci\u00f3n vocacional informal y de desarrollo humano en todos los campos que faciliten la promoci\u00f3n e incorporaci\u00f3n de las personas en un medio laboral productivo o en la creaci\u00f3n y\/o fortalecimiento de empresas, microempresas y creaci\u00f3n y desarrollo de grupos de trabajo asociativo.<\/p>\n<p>[\/et_pb_blurb][\/et_pb_column][\/et_pb_row][\/et_pb_section][et_pb_section fb_built=&#8221;1&#8243; _builder_version=&#8221;4.17.6&#8243; _module_preset=&#8221;default&#8221; custom_padding=&#8221;0px||0px|||&#8221; global_colors_info=&#8221;{}&#8221;][et_pb_row column_structure=&#8221;1_2,1_2&#8243; make_equal=&#8221;on&#8221; _builder_version=&#8221;4.17.6&#8243; _module_preset=&#8221;default&#8221; width=&#8221;100%&#8221; max_width=&#8221;80%&#8221; custom_padding=&#8221;||0px|||&#8221; global_colors_info=&#8221;{}&#8221;][et_pb_column type=&#8221;1_2&#8243; _builder_version=&#8221;4.17.6&#8243; _module_preset=&#8221;default&#8221; global_colors_info=&#8221;{}&#8221;][et_pb_blurb title=&#8221;4&#8243; image=&#8221;https:\/\/www.corporaciondoxa.com\/wp-content\/uploads\/2022\/11\/Recurso-5corporaciondoxa.png&#8221; _builder_version=&#8221;4.17.6&#8243; _module_preset=&#8221;default&#8221; header_level=&#8221;h1&#8243; header_text_align=&#8221;center&#8221; custom_padding=&#8221;24px||35px||false|false&#8221; border_radii=&#8221;on|66px|66px|66px|66px&#8221; border_width_all=&#8221;2px&#8221; border_color_all=&#8221;RGBA(255,255,255,0)&#8221; global_colors_info=&#8221;{}&#8221;]<\/p>\n<p style=\"text-align: center;\">Dise\u00f1ar, ejecutar y evaluar proyectos ambientales y\/o ecol\u00f3gicos.<\/p>\n<p>[\/et_pb_blurb][\/et_pb_column][et_pb_column type=&#8221;1_2&#8243; _builder_version=&#8221;4.17.6&#8243; _module_preset=&#8221;default&#8221; global_colors_info=&#8221;{}&#8221;][et_pb_blurb title=&#8221;5&#8243; image=&#8221;https:\/\/www.corporaciondoxa.com\/wp-content\/uploads\/2022\/11\/Recurso-6corporaciondoxa.png&#8221; _builder_version=&#8221;4.17.6&#8243; _module_preset=&#8221;default&#8221; header_level=&#8221;h1&#8243; header_text_align=&#8221;center&#8221; custom_padding=&#8221;24px||35px||false|false&#8221; border_radii=&#8221;on|66px|66px|66px|66px&#8221; border_width_all=&#8221;2px&#8221; border_color_all=&#8221;RGBA(255,255,255,0)&#8221; global_colors_info=&#8221;{}&#8221;]<\/p>\n<p style=\"text-align: justify;\">Promover el desarrollo social, cultural y de ayuda comunitaria a trav\u00e9s de la organizaci\u00f3n de proyectos productivos mediante el desarrollo de procesos para facilitar el mejoramiento de la calidad de vida.<\/p>\n<p>[\/et_pb_blurb][\/et_pb_column][\/et_pb_row][\/et_pb_section][et_pb_section fb_built=&#8221;1&#8243; _builder_version=&#8221;4.17.6&#8243; _module_preset=&#8221;default&#8221; background_color=&#8221;#47187D&#8221; background_image=&#8221;https:\/\/www.corporaciondoxa.com\/wp-content\/uploads\/2022\/11\/banner-principal-1.jpg&#8221; parallax=&#8221;on&#8221; custom_padding=&#8221;45px||45px||false|false&#8221; global_colors_info=&#8221;{}&#8221;][et_pb_row column_structure=&#8221;1_4,1_4,1_4,1_4&#8243; make_equal=&#8221;on&#8221; _builder_version=&#8221;4.17.6&#8243; _module_preset=&#8221;default&#8221; width=&#8221;100%&#8221; max_width=&#8221;80%&#8221; custom_padding=&#8221;2px||0px|||&#8221; border_width_all=&#8221;1px&#8221; border_color_all=&#8221;RGBA(255,255,255,0)&#8221; global_colors_info=&#8221;{}&#8221;][et_pb_column type=&#8221;1_4&#8243; _builder_version=&#8221;4.17.6&#8243; _module_preset=&#8221;default&#8221; global_colors_info=&#8221;{}&#8221;][et_pb_blurb title=&#8221;6&#8243; image=&#8221;https:\/\/www.corporaciondoxa.com\/wp-content\/uploads\/2022\/11\/Recurso-7corporaciondoxa.png&#8221; _builder_version=&#8221;4.17.6&#8243; _module_preset=&#8221;default&#8221; header_level=&#8221;h1&#8243; header_text_align=&#8221;center&#8221; background_color=&#8221;#ffffff&#8221; custom_padding=&#8221;24px|24px|67px|24px|false|false&#8221; border_radii=&#8221;on|48px|48px|48px|48px&#8221; border_width_all=&#8221;2px&#8221; border_color_all=&#8221;RGBA(255,255,255,0)&#8221; global_colors_info=&#8221;{}&#8221;]<\/p>\n<p style=\"text-align: justify;\">Gestionar y administrar donaciones y ayudas de cooperaci\u00f3n nacional e internacional que favorezcan el objeto de la Corporaci\u00f3n.<\/p>\n<p>[\/et_pb_blurb][\/et_pb_column][et_pb_column type=&#8221;1_4&#8243; _builder_version=&#8221;4.17.6&#8243; _module_preset=&#8221;default&#8221; global_colors_info=&#8221;{}&#8221;][et_pb_blurb title=&#8221;7&#8243; image=&#8221;https:\/\/www.corporaciondoxa.com\/wp-content\/uploads\/2022\/11\/Recurso-8corporaciondoxa.png&#8221; _builder_version=&#8221;4.17.6&#8243; _module_preset=&#8221;default&#8221; header_level=&#8221;h1&#8243; header_text_align=&#8221;center&#8221; background_color=&#8221;#ffffff&#8221; custom_padding=&#8221;24px|24px|15px|24px|false|false&#8221; border_radii=&#8221;on|48px|48px|48px|48px&#8221; border_width_all=&#8221;2px&#8221; border_color_all=&#8221;RGBA(255,255,255,0)&#8221; global_colors_info=&#8221;{}&#8221;]<\/p>\n<p style=\"text-align: justify;\">Establecer alianzas estrat\u00e9gicas de cooperaci\u00f3n con otras entidades, organizaciones o agencias del orden nacional e internacional que contribuyan al desarrollo del objeto social.<\/p>\n<p>[\/et_pb_blurb][\/et_pb_column][et_pb_column type=&#8221;1_4&#8243; _builder_version=&#8221;4.17.6&#8243; _module_preset=&#8221;default&#8221; global_colors_info=&#8221;{}&#8221;][et_pb_blurb title=&#8221;8&#8243; image=&#8221;https:\/\/www.corporaciondoxa.com\/wp-content\/uploads\/2022\/11\/Recurso-9corporaciondoxa.png&#8221; _builder_version=&#8221;4.17.6&#8243; _module_preset=&#8221;default&#8221; header_level=&#8221;h1&#8243; header_text_align=&#8221;center&#8221; background_color=&#8221;#ffffff&#8221; custom_padding=&#8221;24px|24px|41px|24px|false|false&#8221; border_radii=&#8221;on|48px|48px|48px|48px&#8221; border_width_all=&#8221;2px&#8221; border_color_all=&#8221;RGBA(255,255,255,0)&#8221; global_colors_info=&#8221;{}&#8221;]<\/p>\n<p style=\"text-align: justify;\">Dise\u00f1ar, Desarrollar, ejecutar y asesorar planes, programas y proyectos de legalizaci\u00f3n de predios, construcci\u00f3n y mejoramiento de vivienda.<\/p>\n<p>[\/et_pb_blurb][\/et_pb_column][et_pb_column type=&#8221;1_4&#8243; _builder_version=&#8221;4.17.6&#8243; _module_preset=&#8221;default&#8221; global_colors_info=&#8221;{}&#8221;][et_pb_blurb title=&#8221;9&#8243; image=&#8221;https:\/\/www.corporaciondoxa.com\/wp-content\/uploads\/2022\/11\/Recurso-10corporaciondoxa.png&#8221; _builder_version=&#8221;4.17.6&#8243; _module_preset=&#8221;default&#8221; header_level=&#8221;h1&#8243; header_text_align=&#8221;center&#8221; background_color=&#8221;#ffffff&#8221; custom_padding=&#8221;24px|24px|42px|24px|false|false&#8221; border_radii=&#8221;on|48px|48px|48px|48px&#8221; border_width_all=&#8221;2px&#8221; border_color_all=&#8221;RGBA(255,255,255,0)&#8221; global_colors_info=&#8221;{}&#8221;]<\/p>\n<p style=\"text-align: justify;\">Recibir, administrar, custodiar y fiscalizar los recursos que otorguen el Estado, otras entidades, los propios, para que se destinen a los fines asignados de manera espec\u00edfica.<\/p>\n<p>[\/et_pb_blurb][\/et_pb_column][\/et_pb_row][\/et_pb_section][et_pb_section fb_built=&#8221;1&#8243; _builder_version=&#8221;4.17.6&#8243; _module_preset=&#8221;default&#8221; background_color=&#8221;RGBA(255,255,255,0)&#8221; min_height=&#8221;502.4px&#8221; custom_padding=&#8221;48px||0px|||&#8221; global_colors_info=&#8221;{}&#8221;][et_pb_row column_structure=&#8221;1_2,1_2&#8243; make_equal=&#8221;on&#8221; _builder_version=&#8221;4.17.6&#8243; _module_preset=&#8221;default&#8221; width=&#8221;100%&#8221; max_width=&#8221;80%&#8221; custom_margin=&#8221;-67px|auto||auto||&#8221; global_colors_info=&#8221;{}&#8221;][et_pb_column type=&#8221;1_2&#8243; _builder_version=&#8221;4.17.6&#8243; _module_preset=&#8221;default&#8221; global_colors_info=&#8221;{}&#8221;][et_pb_blurb title=&#8221;10&#8243; image=&#8221;https:\/\/www.corporaciondoxa.com\/wp-content\/uploads\/2022\/11\/Recurso-11corporaciondoxa.png&#8221; _builder_version=&#8221;4.17.6&#8243; _module_preset=&#8221;default&#8221; header_level=&#8221;h1&#8243; header_text_align=&#8221;center&#8221; custom_margin=&#8221;||-4px|||&#8221; custom_padding=&#8221;24px||35px||false|false&#8221; border_radii=&#8221;on|66px|66px|66px|66px&#8221; border_width_all=&#8221;2px&#8221; border_color_all=&#8221;RGBA(255,255,255,0)&#8221; global_colors_info=&#8221;{}&#8221;]<\/p>\n<p style=\"text-align: justify;\">Desarrollar y ejecutar programas y proyectos donde su enfoque sea la realizaci\u00f3n de actividades f\u00edsicas, l\u00fadicas, recreativas, deportivas y pedag\u00f3gicas, para todo tipo de poblaci\u00f3n.<\/p>\n<p>[\/et_pb_blurb][\/et_pb_column][et_pb_column type=&#8221;1_2&#8243; _builder_version=&#8221;4.17.6&#8243; _module_preset=&#8221;default&#8221; global_colors_info=&#8221;{}&#8221;][et_pb_blurb title=&#8221;11&#8243; image=&#8221;https:\/\/www.corporaciondoxa.com\/wp-content\/uploads\/2022\/11\/Recurso-6corporaciondoxa.png&#8221; _builder_version=&#8221;4.17.6&#8243; _module_preset=&#8221;default&#8221; header_level=&#8221;h1&#8243; header_text_align=&#8221;center&#8221; custom_padding=&#8221;24px||35px||false|false&#8221; border_radii=&#8221;on|66px|66px|66px|66px&#8221; border_width_all=&#8221;2px&#8221; border_color_all=&#8221;RGBA(255,255,255,0)&#8221; global_colors_info=&#8221;{}&#8221;]<\/p>\n<p style=\"text-align: justify;\">Promover el desarrollo social, cultural y de ayuda comunitaria a trav\u00e9s de la organizaci\u00f3n de proyectos productivos mediante el desarrollo de procesos para facilitar el mejoramiento de la calidad de vida.<\/p>\n<p>[\/et_pb_blurb][\/et_pb_column][\/et_pb_row][et_pb_row column_structure=&#8221;1_2,1_2&#8243; make_equal=&#8221;on&#8221; _builder_version=&#8221;4.17.6&#8243; _module_preset=&#8221;default&#8221; width=&#8221;100%&#8221; max_width=&#8221;80%&#8221; custom_margin=&#8221;-67px|auto||auto||&#8221; global_colors_info=&#8221;{}&#8221;][et_pb_column type=&#8221;1_2&#8243; _builder_version=&#8221;4.17.6&#8243; _module_preset=&#8221;default&#8221; global_colors_info=&#8221;{}&#8221;][et_pb_blurb title=&#8221;12&#8243; image=&#8221;https:\/\/www.corporaciondoxa.com\/wp-content\/uploads\/2022\/11\/Recurso-12corporaciondoxa.png&#8221; _builder_version=&#8221;4.17.6&#8243; _module_preset=&#8221;default&#8221; header_level=&#8221;h1&#8243; header_text_align=&#8221;center&#8221; custom_padding=&#8221;51px||35px||false|false&#8221; border_radii=&#8221;on|66px|66px|66px|66px&#8221; border_width_all=&#8221;2px&#8221; border_color_all=&#8221;RGBA(255,255,255,0)&#8221; global_colors_info=&#8221;{}&#8221;]<\/p>\n<p style=\"text-align: justify;\">Realizar compa\u00f1as educativas que redunden en la sociedad, acrecentando y fortaleciendo los valores fundamentales del desarrollo humano como: la paz, la solidaridad, la tolerancia, la convivencia, la reconciliaci\u00f3n, la responsabilidad social, para que los elementos de la cadena formativa del individuo obren en consecuencia con el buen trato hacia los dem\u00e1s individuos de la sociedad.<\/p>\n<p>[\/et_pb_blurb][\/et_pb_column][et_pb_column type=&#8221;1_2&#8243; _builder_version=&#8221;4.17.6&#8243; _module_preset=&#8221;default&#8221; global_colors_info=&#8221;{}&#8221;][et_pb_blurb title=&#8221;13&#8243; image=&#8221;https:\/\/www.corporaciondoxa.com\/wp-content\/uploads\/2022\/11\/Recurso-13corporaciondoxa.png&#8221; _builder_version=&#8221;4.17.6&#8243; _module_preset=&#8221;default&#8221; header_level=&#8221;h1&#8243; header_text_align=&#8221;center&#8221; custom_padding=&#8221;51px||35px||false|false&#8221; border_radii=&#8221;on|66px|66px|66px|66px&#8221; border_width_all=&#8221;2px&#8221; border_color_all=&#8221;RGBA(255,255,255,0)&#8221; global_colors_info=&#8221;{}&#8221;]<\/p>\n<p style=\"text-align: justify;\">Elaborar, presentar y ejecutar proyectos de desarrollo social y\/o protecci\u00f3n ambiental orientados al mejoramiento de la calidad de vida de la poblaci\u00f3n, mediante uso intensivo de mano de obra para beneficio de programas de generaci\u00f3n de empleo financiados con recursos municipales, departamentales, o internacionales de origen privado, oficial o mixto.<\/p>\n<p>[\/et_pb_blurb][\/et_pb_column][\/et_pb_row][et_pb_row make_equal=&#8221;on&#8221; _builder_version=&#8221;4.17.6&#8243; _module_preset=&#8221;default&#8221; width=&#8221;100%&#8221; max_width=&#8221;80%&#8221; custom_margin=&#8221;-67px|auto||auto||&#8221; global_colors_info=&#8221;{}&#8221;][et_pb_column type=&#8221;4_4&#8243; _builder_version=&#8221;4.17.6&#8243; _module_preset=&#8221;default&#8221; global_colors_info=&#8221;{}&#8221;][et_pb_blurb title=&#8221;14&#8243; image=&#8221;https:\/\/www.corporaciondoxa.com\/wp-content\/uploads\/2022\/11\/Recurso-14corporaciondoxa.png&#8221; _builder_version=&#8221;4.17.6&#8243; _module_preset=&#8221;default&#8221; header_level=&#8221;h1&#8243; header_text_align=&#8221;center&#8221; custom_padding=&#8221;51px||35px||false|false&#8221; border_radii=&#8221;on|66px|66px|66px|66px&#8221; border_width_all=&#8221;2px&#8221; border_color_all=&#8221;RGBA(255,255,255,0)&#8221; global_colors_info=&#8221;{}&#8221;]<\/p>\n<p style=\"text-align: justify;\">Podr\u00e1 estudiar las causas y efectos de la degradaci\u00f3n del ambiente y proponer soluciones al problema, lo cual centrar\u00e1 su atenci\u00f3n en los siguientes temas:<\/p>\n<ul>\n<li style=\"list-style-type: none;\">\n<ul>\n<li style=\"list-style-type: none;\">\n<ul>\n<li style=\"text-align: justify;\">Deforestaci\u00f3n y erosi\u00f3n.<\/li>\n<li style=\"text-align: justify;\">Contaminaci\u00f3n atmosf\u00e9rica.<\/li>\n<\/ul>\n<\/li>\n<\/ul>\n<\/li>\n<\/ul>\n<p>[\/et_pb_blurb][\/et_pb_column][\/et_pb_row][\/et_pb_section]<\/p>\n","protected":false},"excerpt":{"rendered":"<p>Realizar procesos relacionados con el desarrollo humano en todas sus dimensiones. Principalmente en sus aspectos humanista, democr\u00e1tico, participativo y ante todo \u00e9tico, para el logro del fortalecimiento del talento humano alternativo mediante contrataci\u00f3n con entidades de car\u00e1cter Estatal o Privado, adem\u00e1s de realizar auditor\u00edas e interventor\u00edas a estos procesos.Promover y desarrollar actividades deasesor\u00eda, consultor\u00eda, interventor\u00eda, [&hellip;]<\/p>\n","protected":false},"author":1,"featured_media":0,"parent":0,"menu_order":3,"comment_status":"closed","ping_status":"closed","template":"","meta":{"_et_pb_use_builder":"on","_et_pb_old_content":"<!-- wp:divi\/placeholder \/-->","_et_gb_content_width":"","footnotes":""},"class_list":["post-109649","page","type-page","status-publish","hentry"],"_links":{"self":[{"href":"https:\/\/www.corporaciondoxa.com\/index.php?rest_route=\/wp\/v2\/pages\/109649","targetHints":{"allow":["GET"]}}],"collection":[{"href":"https:\/\/www.corporaciondoxa.com\/index.php?rest_route=\/wp\/v2\/pages"}],"about":[{"href":"https:\/\/www.corporaciondoxa.com\/index.php?rest_route=\/wp\/v2\/types\/page"}],"author":[{"embeddable":true,"href":"https:\/\/www.corporaciondoxa.com\/index.php?rest_route=\/wp\/v2\/users\/1"}],"replies":[{"embeddable":true,"href":"https:\/\/www.corporaciondoxa.com\/index.php?rest_route=%2Fwp%2Fv2%2Fcomments&post=109649"}],"version-history":[{"count":13,"href":"https:\/\/www.corporaciondoxa.com\/index.php?rest_route=\/wp\/v2\/pages\/109649\/revisions"}],"predecessor-version":[{"id":110146,"href":"https:\/\/www.corporaciondoxa.com\/index.php?rest_route=\/wp\/v2\/pages\/109649\/revisions\/110146"}],"wp:attachment":[{"href":"https:\/\/www.corporaciondoxa.com\/index.php?rest_route=%2Fwp%2Fv2%2Fmedia&parent=109649"}],"curies":[{"name":"wp","href":"https:\/\/api.w.org\/{rel}","templated":true}]}}